{"id":159,"date":"2026-02-04T00:11:48","date_gmt":"2026-02-03T23:11:48","guid":{"rendered":"http:\/\/cpvg.cz\/?page_id=159"},"modified":"2026-02-04T20:25:57","modified_gmt":"2026-02-04T19:25:57","slug":"nas-pribeh-a-vize","status":"publish","type":"page","link":"http:\/\/cpvg.cz\/index.php\/nas-pribeh-a-vize\/","title":{"rendered":"N\u00c1\u0160 P\u0158\u00cdB\u011aH A VIZE"},"content":{"rendered":"\n<div class=\"wp-block-group alignfull has-global-padding is-layout-constrained wp-container-core-group-is-layout-490fa1db wp-block-group-is-layout-constrained\" style=\"padding-top:var(--wp--preset--spacing--50);padding-right:var(--wp--preset--spacing--50);padding-bottom:var(--wp--preset--spacing--50);padding-left:var(--wp--preset--spacing--50)\">\n<div class=\"wp-block-group has-global-padding is-layout-constrained wp-container-core-group-is-layout-650790e1 wp-block-group-is-layout-constrained\">\n<h1 class=\"wp-block-heading has-text-align-center has-x-large-font-size\">SOU\u010c\u00c1ST\u00cd V\u011aT\u0160\u00cdHO CELKU<\/h1>\n\n\n\n<div style=\"height:1.25rem\" aria-hidden=\"true\" class=\"wp-block-spacer\"><\/div>\n\n\n\n<p class=\"has-text-align-center\"><br>\u010cinnost spolku je za\u0161t\u00edt\u011bna Sborem Jednoty bratrsk\u00e9 v Dobru\u0161ce, jeho\u017e \u010dlenov\u00e9 tvo\u0159\u00ed i \u010dlenskou z\u00e1kladnu spolku.<\/p>\n\n\n\n<div style=\"height:1.25rem\" aria-hidden=\"true\" class=\"wp-block-spacer\"><\/div>\n\n\n\n<figure class=\"wp-block-image aligncenter size-full is-resized\"><img fetchpriority=\"high\" decoding=\"async\" width=\"417\" height=\"397\" src=\"http:\/\/cpvg.cz\/wp-content\/uploads\/2026\/02\/Datovy-zdroj-172ppi-1.png\" alt=\"\" class=\"wp-image-175\" style=\"aspect-ratio:1.0503802824955681;width:207px;height:auto\" srcset=\"http:\/\/cpvg.cz\/wp-content\/uploads\/2026\/02\/Datovy-zdroj-172ppi-1.png 417w, http:\/\/cpvg.cz\/wp-content\/uploads\/2026\/02\/Datovy-zdroj-172ppi-1-300x286.png 300w\" sizes=\"(max-width: 417px) 100vw, 417px\" \/><\/figure>\n\n\n\n<div style=\"height:50px\" aria-hidden=\"true\" class=\"wp-block-spacer\"><\/div>\n\n\n\n<div class=\"wp-block-buttons is-content-justification-center is-layout-flex wp-container-core-buttons-is-layout-a89b3969 wp-block-buttons-is-layout-flex\">\n<div class=\"wp-block-button\"><a class=\"wp-block-button__link wp-element-button\" href=\"https:\/\/jbdobruska.cz\/\" target=\"_blank\" rel=\"noreferrer noopener\">Sbor Jednoty bratrsk\u00e9 v Dobru\u0161ce<\/a><\/div>\n<\/div>\n<\/div>\n\n\n\n<div style=\"height:50px\" aria-hidden=\"true\" class=\"wp-block-spacer\"><\/div>\n\n\n\n<h2 class=\"wp-block-heading has-text-align-center\">SPOLE\u010cN\u011a S COMENIANOU<\/h2>\n\n\n\n<p class=\"has-text-align-center\">Jsme sou\u010d\u00e1st\u00ed Asociace Comeniana, kter\u00e1 propojuje rodinn\u00e1 centra, seniorsk\u00e9 a ml\u00e1de\u017enick\u00e9 kluby i z\u00e1kladn\u00ed a st\u0159edn\u00ed \u0161koly Jednoty bratrsk\u00e9 po cel\u00e9 \u010cesk\u00e9 republice.<\/p>\n\n\n\n<div style=\"height:1.25rem\" aria-hidden=\"true\" class=\"wp-block-spacer\"><\/div>\n\n\n\n<figure class=\"wp-block-image aligncenter size-full is-resized\"><img decoding=\"async\" width=\"512\" height=\"417\" src=\"http:\/\/cpvg.cz\/wp-content\/uploads\/2026\/02\/Comeniana-logo.png\" alt=\"\" class=\"wp-image-212\" style=\"width:243px;height:auto\" srcset=\"http:\/\/cpvg.cz\/wp-content\/uploads\/2026\/02\/Comeniana-logo.png 512w, http:\/\/cpvg.cz\/wp-content\/uploads\/2026\/02\/Comeniana-logo-300x244.png 300w\" sizes=\"(max-width: 512px) 100vw, 512px\" \/><\/figure>\n\n\n\n<div style=\"height:10px\" aria-hidden=\"true\" class=\"wp-block-spacer\"><\/div>\n\n\n\n<div class=\"wp-block-buttons is-content-justification-center is-layout-flex wp-container-core-buttons-is-layout-a89b3969 wp-block-buttons-is-layout-flex\">\n<div class=\"wp-block-button\"><a class=\"wp-block-button__link wp-element-button\" href=\"https:\/\/comeniana.cz\/\" target=\"_blank\" rel=\"noreferrer noopener\">Asociace Comeniana<\/a><\/div>\n<\/div>\n<\/div>\n\n\n\n<div class=\"wp-block-group alignfull has-base-2-background-color has-background has-global-padding is-layout-constrained wp-container-core-group-is-layout-669513ed wp-block-group-is-layout-constrained\" style=\"margin-top:0;margin-bottom:0;padding-top:var(--wp--preset--spacing--50);padding-right:var(--wp--preset--spacing--50);padding-bottom:var(--wp--preset--spacing--50);padding-left:var(--wp--preset--spacing--50)\">\n<div class=\"wp-block-group is-vertical is-content-justification-center is-layout-flex wp-container-core-group-is-layout-52b864f0 wp-block-group-is-layout-flex\">\n<h2 class=\"wp-block-heading has-text-align-center is-style-asterisk\">Hlavn\u00ed \u010dinnost spolku<\/h2>\n\n\n\n<div style=\"height:0px\" aria-hidden=\"true\" class=\"wp-block-spacer wp-container-content-4f2ccadb\"><\/div>\n\n\n\n<p class=\"has-text-align-center\"><strong>Podporujeme. V\u011bnujeme se. Propojujeme.<\/strong><\/p>\n\n\n\n<p class=\"has-text-align-center\">D\u011bti, ml\u00e1de\u017e, rodiny i cel\u00e9 generace.<\/p>\n<\/div>\n\n\n\n<div style=\"margin-top:0;margin-bottom:0;height:var(--wp--preset--spacing--40)\" aria-hidden=\"true\" class=\"wp-block-spacer\"><\/div>\n\n\n\n<div class=\"wp-block-columns alignwide is-layout-flex wp-container-core-columns-is-layout-d0bbbce0 wp-block-columns-is-layout-flex\">\n<div class=\"wp-block-column is-layout-flow wp-container-core-column-is-layout-e3d1c41b wp-block-column-is-layout-flow\">\n<h3 class=\"wp-block-heading has-text-align-left is-style-asterisk has-body-font-family has-medium-font-size\" style=\"font-style:normal;font-weight:600\">Organizov\u00e1n\u00ed a realizace volno\u010dasov\u00e9 \u010dinnosti pro r\u016fzn\u00e9 v\u011bkov\u00e9 skupiny<\/h3>\n\n\n\n<p class=\"has-text-align-left\">Vytv\u00e1\u0159\u00edme prostor pro smyslupln\u00e9 tr\u00e1ven\u00ed voln\u00e9ho \u010dasu.<\/p>\n<\/div>\n\n\n\n<div class=\"wp-block-column is-layout-flow wp-container-core-column-is-layout-e3d1c41b wp-block-column-is-layout-flow\">\n<h3 class=\"wp-block-heading has-text-align-left is-style-asterisk has-body-font-family has-medium-font-size\" style=\"font-style:normal;font-weight:600\">Pr\u00e1ce s d\u011btmi a ml\u00e1de\u017e\u00ed<\/h3>\n\n\n\n<p class=\"has-text-align-left\">Podporujeme zdrav\u00fd rozvoj d\u011bt\u00ed a mlad\u00fdch lid\u00ed prost\u0159ednictv\u00edm pravideln\u00fdch aktivit a program\u016f.  <\/p>\n<\/div>\n\n\n\n<div class=\"wp-block-column is-layout-flow wp-container-core-column-is-layout-e3d1c41b wp-block-column-is-layout-flow\">\n<h3 class=\"wp-block-heading has-text-align-left is-style-asterisk has-body-font-family has-medium-font-size\" style=\"font-style:normal;font-weight:600\">Prevence soci\u00e1ln\u011b patologick\u00fdch jev\u016f<\/h3>\n\n\n\n<p class=\"has-text-align-left\">Zam\u011b\u0159ujeme se na prevenci rizikov\u00e9ho chov\u00e1n\u00ed a posilov\u00e1n\u00ed zdrav\u00fdch \u017eivotn\u00edch n\u00e1vyk\u016f.<\/p>\n<\/div>\n<\/div>\n\n\n\n<div style=\"height:var(--wp--preset--spacing--20)\" aria-hidden=\"true\" class=\"wp-block-spacer\"><\/div>\n\n\n\n<div class=\"wp-block-columns alignwide is-layout-flex wp-container-core-columns-is-layout-d0bbbce0 wp-block-columns-is-layout-flex\">\n<div class=\"wp-block-column is-layout-flow wp-container-core-column-is-layout-e3d1c41b wp-block-column-is-layout-flow\">\n<h3 class=\"wp-block-heading has-text-align-left is-style-asterisk has-body-font-family has-medium-font-size\" style=\"font-style:normal;font-weight:600\">P\u0159edn\u00e1\u0161kov\u00e1 \u010dinnost<\/h3>\n\n\n\n<p class=\"has-text-align-left\">Po\u0159\u00e1d\u00e1me p\u0159edn\u00e1\u0161ky a besedy na aktu\u00e1ln\u00ed spole\u010densk\u00e1, vzd\u011bl\u00e1vac\u00ed i komunitn\u00ed t\u00e9mata.<\/p>\n<\/div>\n\n\n\n<div class=\"wp-block-column is-layout-flow wp-container-core-column-is-layout-e3d1c41b wp-block-column-is-layout-flow\">\n<h3 class=\"wp-block-heading has-text-align-left is-style-asterisk has-body-font-family has-medium-font-size\" style=\"font-style:normal;font-weight:600\">Programy pro integraci men\u0161inov\u00fdch skupin<\/h3>\n\n\n\n<p class=\"has-text-align-left\">Vytv\u00e1\u0159\u00edme programy podporuj\u00edc\u00ed za\u010dlen\u011bn\u00ed men\u0161inov\u00fdch skupin do komunitn\u00edho \u017eivota.<\/p>\n<\/div>\n\n\n\n<div class=\"wp-block-column is-layout-flow wp-container-core-column-is-layout-e3d1c41b wp-block-column-is-layout-flow\">\n<h3 class=\"wp-block-heading has-text-align-left is-style-asterisk has-body-font-family has-medium-font-size\" style=\"font-style:normal;font-weight:600\">Vzd\u011bl\u00e1vac\u00ed a kulturn\u00ed programy<\/h3>\n\n\n\n<p class=\"has-text-align-left\">Realizujeme vzd\u011bl\u00e1vac\u00ed a kulturn\u00ed aktivity, kter\u00e9 rozv\u00edjej\u00ed znalosti, kreativitu a vztahy.<\/p>\n<\/div>\n<\/div>\n\n\n\n<div style=\"height:var(--wp--preset--spacing--20)\" aria-hidden=\"true\" class=\"wp-block-spacer\"><\/div>\n\n\n\n<div class=\"wp-block-columns alignwide is-layout-flex wp-container-core-columns-is-layout-d0bbbce0 wp-block-columns-is-layout-flex\">\n<div class=\"wp-block-column is-layout-flow wp-container-core-column-is-layout-e3d1c41b wp-block-column-is-layout-flow\">\n<h3 class=\"wp-block-heading has-text-align-left is-style-asterisk has-body-font-family has-medium-font-size\" style=\"font-style:normal;font-weight:600\">Pohybov\u00e9 aktivity<\/h3>\n\n\n\n<p class=\"has-text-align-left\">Podporujeme aktivn\u00ed \u017eivotn\u00ed styl prost\u0159ednictv\u00edm pohybov\u00fdch a sportovn\u00edch aktivit.<\/p>\n<\/div>\n\n\n\n<div class=\"wp-block-column is-layout-flow wp-container-core-column-is-layout-e3d1c41b wp-block-column-is-layout-flow\">\n<h3 class=\"wp-block-heading has-text-align-left is-style-asterisk has-body-font-family has-medium-font-size\" style=\"font-style:normal;font-weight:600\">Poradenstv\u00ed a podpora senior\u016f<\/h3>\n\n\n\n<p class=\"has-text-align-left\">Poskytujeme poradenstv\u00ed a podporu senior\u016f s c\u00edlem pos\u00edlit jejich sob\u011bsta\u010dnost a kvalitu \u017eivota.<\/p>\n<\/div>\n\n\n\n<div class=\"wp-block-column is-layout-flow wp-container-core-column-is-layout-e3d1c41b wp-block-column-is-layout-flow\">\n<h3 class=\"wp-block-heading has-text-align-left is-style-asterisk has-body-font-family has-medium-font-size\" style=\"font-style:normal;font-weight:600\">Poradenstv\u00ed a podpora rodin<\/h3>\n\n\n\n<p class=\"has-text-align-left\">Nab\u00edz\u00edme podporu a poradenstv\u00ed rodin\u00e1m v r\u016fzn\u00fdch \u017eivotn\u00edch situac\u00edch.<\/p>\n<\/div>\n<\/div>\n<\/div>\n\n\n\n<div class=\"wp-block-group alignfull has-global-padding is-layout-constrained wp-container-core-group-is-layout-d89aad35 wp-block-group-is-layout-constrained\" style=\"margin-top:0;margin-bottom:0;padding-top:var(--wp--preset--spacing--50);padding-right:var(--wp--preset--spacing--50);padding-bottom:var(--wp--preset--spacing--50);padding-left:var(--wp--preset--spacing--50)\">\n<div class=\"wp-block-group alignwide has-global-padding is-layout-constrained wp-container-core-group-is-layout-19e250f3 wp-block-group-is-layout-constrained\">\n<div class=\"wp-block-group is-vertical is-content-justification-center is-layout-flex wp-container-core-group-is-layout-6329a8f3 wp-block-group-is-layout-flex\">\n<h2 class=\"wp-block-heading has-text-align-center is-style-asterisk\">Vize<\/h2>\n\n\n\n<p class=\"has-text-align-left\">V\u011b\u0159\u00edme, \u017ee zdrav\u00e1 spole\u010dnost stoj\u00ed na vztaz\u00edch, porozum\u011bn\u00ed a spolupr\u00e1ci mezi generacemi. Na\u0161\u00ed viz\u00ed je vytv\u00e1\u0159et prost\u0159ed\u00ed, kde se lid\u00e9 r\u016fzn\u00fdch v\u011bk\u016f mohou potk\u00e1vat, u\u010dit se jeden od druh\u00e9ho a c\u00edtit se p\u0159ijati.<\/p>\n\n\n\n<p class=\"has-text-align-left\">Tvo\u0159\u00edme komunitn\u00ed zp\u016fsob \u017eivota, ve kter\u00e9m m\u00e1 ka\u017ed\u00fd sv\u00e9 m\u00edsto \u2014 d\u011bti, mlad\u00ed lid\u00e9, rodiny i senio\u0159i. Podporujeme otev\u0159en\u00fd dialog, vz\u00e1jemn\u00fd respekt a ochotu naslouchat. Vn\u00edm\u00e1me rozd\u00edly mezi generacemi ne jako p\u0159ek\u00e1\u017eku, ale jako p\u0159\u00edle\u017eitost ke spole\u010dn\u00e9mu r\u016fstu.<\/p>\n\n\n\n<p class=\"has-text-align-left\">Na\u0161\u00edm c\u00edlem je doprov\u00e1zet jednotlivce i rodiny v r\u016fzn\u00fdch \u017eivotn\u00edch etap\u00e1ch a p\u0159isp\u00edvat k prost\u0159ed\u00ed, kter\u00e9 posiluje vztahy, d\u016fv\u011bru a soun\u00e1le\u017eitost. <\/p>\n<\/div>\n\n\n\n<div style=\"height:var(--wp--preset--spacing--40)\" aria-hidden=\"true\" class=\"wp-block-spacer\"><\/div>\n\n\n\n<figure class=\"wp-block-image size-large is-style-rounded is-style-rounded--1\"><img decoding=\"async\" width=\"1024\" height=\"683\" src=\"http:\/\/cpvg.cz\/wp-content\/uploads\/2026\/02\/NFM_7775-1024x683.jpg\" alt=\"\" class=\"wp-image-180\" srcset=\"http:\/\/cpvg.cz\/wp-content\/uploads\/2026\/02\/NFM_7775-1024x683.jpg 1024w, http:\/\/cpvg.cz\/wp-content\/uploads\/2026\/02\/NFM_7775-300x200.jpg 300w, http:\/\/cpvg.cz\/wp-content\/uploads\/2026\/02\/NFM_7775-768x512.jpg 768w, http:\/\/cpvg.cz\/wp-content\/uploads\/2026\/02\/NFM_7775-1536x1024.jpg 1536w, http:\/\/cpvg.cz\/wp-content\/uploads\/2026\/02\/NFM_7775-2048x1365.jpg 2048w\" sizes=\"(max-width: 1024px) 100vw, 1024px\" \/><\/figure>\n\n\n\n\n<\/div>\n<\/div>\n\n\n\n<div class=\"wp-block-group alignfull has-base-color has-contrast-background-color has-text-color has-background has-global-padding is-layout-constrained wp-container-core-group-is-layout-ef3d885c wp-block-group-is-layout-constrained\" style=\"margin-top:0;margin-bottom:0;padding-top:var(--wp--preset--spacing--60);padding-right:var(--wp--preset--spacing--60);padding-bottom:var(--wp--preset--spacing--60);padding-left:var(--wp--preset--spacing--60)\">\n<div class=\"wp-block-group has-global-padding is-layout-constrained wp-block-group-is-layout-constrained\">\n<p class=\"has-text-align-center has-base-color has-text-color has-nunito-sans-font-family has-x-large-font-size\" style=\"line-height:1.2\">\u201c\u0160\u0165astn\u00fd je \u010dlov\u011bk, kter\u00fd na\u0161el moudrost, \u010dlov\u011bk, kter\u00fd z\u00edskal rozumnost. Nebo\u0165 zisk z n\u00ed je lep\u0161\u00ed, ne\u017eli zisk ze st\u0159\u00edbra a jej\u00ed v\u00fdnos je nad zlato.\u201d<\/p>\n\n\n\n<div style=\"height:var(--wp--preset--spacing--10)\" aria-hidden=\"true\" class=\"wp-block-spacer\"><\/div>\n\n\n\n<div class=\"wp-block-group is-vertical is-content-justification-center is-nowrap is-layout-flex wp-container-core-group-is-layout-19cbf4af wp-block-group-is-layout-flex\">\n<p class=\"has-text-align-center has-base-2-color has-text-color has-link-color wp-elements-c202c7000f0254d433e7fc8a64585caf\" style=\"margin-top:var(--wp--preset--spacing--10);margin-bottom:0\"><a href=\"https:\/\/www.bible.com\/cs\/bible\/509\/PRO.3.13-14\">P\u0159\u00edslov\u00ed 3:13-14<\/a><\/p>\n\n\n\n<p>Bible<\/p>\n<\/div>\n<\/div>\n<\/div>\n","protected":false},"excerpt":{"rendered":"<p>SOU\u010c\u00c1ST\u00cd V\u011aT\u0160\u00cdHO CELKU \u010cinnost spolku je za\u0161t\u00edt\u011bna Sborem Jednoty bratrsk\u00e9 v Dobru\u0161ce, jeho\u017e \u010dlenov\u00e9 tvo\u0159\u00ed i \u010dlenskou z\u00e1kladnu spolku. SPOLE\u010cN\u011a S COMENIANOU Jsme sou\u010d\u00e1st\u00ed Asociace Comeniana, kter\u00e1 propojuje rodinn\u00e1 centra, seniorsk\u00e9 a ml\u00e1de\u017enick\u00e9 kluby i z\u00e1kladn\u00ed a st\u0159edn\u00ed \u0161koly Jednoty bratrsk\u00e9 po cel\u00e9 \u010cesk\u00e9 republice. Hlavn\u00ed \u010dinnost spolku Podporujeme. V\u011bnujeme se. Propojujeme. D\u011bti, ml\u00e1de\u017e, rodiny [&hellip;]<\/p>\n","protected":false},"author":1,"featured_media":0,"parent":0,"menu_order":0,"comment_status":"closed","ping_status":"closed","template":"","meta":{"footnotes":""},"class_list":["post-159","page","type-page","status-publish","hentry"],"_links":{"self":[{"href":"http:\/\/cpvg.cz\/index.php\/wp-json\/wp\/v2\/pages\/159","targetHints":{"allow":["GET"]}}],"collection":[{"href":"http:\/\/cpvg.cz\/index.php\/wp-json\/wp\/v2\/pages"}],"about":[{"href":"http:\/\/cpvg.cz\/index.php\/wp-json\/wp\/v2\/types\/page"}],"author":[{"embeddable":true,"href":"http:\/\/cpvg.cz\/index.php\/wp-json\/wp\/v2\/users\/1"}],"replies":[{"embeddable":true,"href":"http:\/\/cpvg.cz\/index.php\/wp-json\/wp\/v2\/comments?post=159"}],"version-history":[{"count":14,"href":"http:\/\/cpvg.cz\/index.php\/wp-json\/wp\/v2\/pages\/159\/revisions"}],"predecessor-version":[{"id":230,"href":"http:\/\/cpvg.cz\/index.php\/wp-json\/wp\/v2\/pages\/159\/revisions\/230"}],"wp:attachment":[{"href":"http:\/\/cpvg.cz\/index.php\/wp-json\/wp\/v2\/media?parent=159"}],"curies":[{"name":"wp","href":"https:\/\/api.w.org\/{rel}","templated":true}]}}