{"id":168,"date":"2026-02-04T17:59:38","date_gmt":"2026-02-04T16:59:38","guid":{"rendered":"http:\/\/cpvg.cz\/?page_id=168"},"modified":"2026-02-05T11:39:49","modified_gmt":"2026-02-05T10:39:49","slug":"kontakt","status":"publish","type":"page","link":"https:\/\/cpvg.cz\/index.php\/kontakt\/","title":{"rendered":"Kontakt"},"content":{"rendered":"\n<div class=\"wp-block-group alignfull has-global-padding is-layout-constrained wp-container-core-group-is-layout-669513ed wp-block-group-is-layout-constrained\" style=\"margin-top:0;margin-bottom:0;padding-top:var(--wp--preset--spacing--50);padding-right:var(--wp--preset--spacing--50);padding-bottom:var(--wp--preset--spacing--50);padding-left:var(--wp--preset--spacing--50)\">\n<div class=\"wp-block-group is-vertical is-content-justification-center is-layout-flex wp-container-core-group-is-layout-ce155fab wp-block-group-is-layout-flex\">\n<h2 class=\"wp-block-heading has-text-align-center has-xx-large-font-size\">V\u00fdbor<\/h2>\n\n\n\n<p class=\"has-text-align-center\">Navenek za spolek Centrum pro v\u0161echny generace z.s. jedn\u00e1 p\u0159edseda spolku. Nep\u0159\u00edmo je sou\u010d\u00e1st\u00ed struktury veden\u00ed i m\u00edstop\u0159edseda. <\/p>\n<\/div>\n\n\n\n<div style=\"height:var(--wp--preset--spacing--30)\" aria-hidden=\"true\" class=\"wp-block-spacer\"><\/div>\n\n\n\n<div class=\"wp-block-columns is-layout-flex wp-container-core-columns-is-layout-28f84493 wp-block-columns-is-layout-flex\">\n<div class=\"wp-block-column is-layout-flow wp-block-column-is-layout-flow\">\n<figure class=\"wp-block-image size-large is-resized\"><img fetchpriority=\"high\" decoding=\"async\" width=\"683\" height=\"1024\" src=\"http:\/\/cpvg.cz\/wp-content\/uploads\/2026\/02\/image-2-683x1024.png\" alt=\"\" class=\"wp-image-225\" style=\"aspect-ratio:0.6670135997779628;width:233px;height:auto\" srcset=\"https:\/\/cpvg.cz\/wp-content\/uploads\/2026\/02\/image-2-683x1024.png 683w, https:\/\/cpvg.cz\/wp-content\/uploads\/2026\/02\/image-2-200x300.png 200w, https:\/\/cpvg.cz\/wp-content\/uploads\/2026\/02\/image-2-768x1152.png 768w, https:\/\/cpvg.cz\/wp-content\/uploads\/2026\/02\/image-2.png 1024w\" sizes=\"(max-width: 683px) 100vw, 683px\" \/><\/figure>\n<\/div>\n\n\n\n<div class=\"wp-block-column is-vertically-aligned-center is-layout-flow wp-block-column-is-layout-flow\">\n<h3 class=\"wp-block-heading\">P\u0159edseda spolku<\/h3>\n\n\n\n<h4 class=\"wp-block-heading has-text-align-left\"><strong>Mgr. Ond\u0159ej Falta<\/strong><\/h4>\n\n\n\n<p style=\"line-height:0.7\">ondrejfalta@cpvg.cz<\/p>\n\n\n\n<p style=\"line-height:0.7\">+420 737 443 917<\/p>\n<\/div>\n<\/div>\n<\/div>\n\n\n\n<div style=\"height:55px\" aria-hidden=\"true\" class=\"wp-block-spacer\"><\/div>\n\n\n\n<h2 class=\"wp-block-heading has-text-align-center\">S\u00eddlo spolku<\/h2>\n\n\n\n<p class=\"has-text-align-center\" style=\"line-height:0.5\">Opo\u010densk\u00e1 103<\/p>\n\n\n\n<p class=\"has-text-align-center\" style=\"line-height:0.5\">518 01 Dobru\u0161ka<\/p>\n\n\n\n<div class=\"wp-block-columns is-layout-flex wp-container-core-columns-is-layout-28f84493 wp-block-columns-is-layout-flex\">\n<div class=\"wp-block-column is-layout-flow wp-block-column-is-layout-flow\">\n<figure class=\"wp-block-image size-large\"><img decoding=\"async\" width=\"1024\" height=\"768\" src=\"http:\/\/cpvg.cz\/wp-content\/uploads\/2026\/02\/8E86E302-8B3E-4074-8E5E-E18D6A830271-1024x768.jpg\" alt=\"\" class=\"wp-image-236\" srcset=\"https:\/\/cpvg.cz\/wp-content\/uploads\/2026\/02\/8E86E302-8B3E-4074-8E5E-E18D6A830271-1024x768.jpg 1024w, https:\/\/cpvg.cz\/wp-content\/uploads\/2026\/02\/8E86E302-8B3E-4074-8E5E-E18D6A830271-300x225.jpg 300w, https:\/\/cpvg.cz\/wp-content\/uploads\/2026\/02\/8E86E302-8B3E-4074-8E5E-E18D6A830271-768x576.jpg 768w, https:\/\/cpvg.cz\/wp-content\/uploads\/2026\/02\/8E86E302-8B3E-4074-8E5E-E18D6A830271-1536x1152.jpg 1536w, https:\/\/cpvg.cz\/wp-content\/uploads\/2026\/02\/8E86E302-8B3E-4074-8E5E-E18D6A830271-2048x1536.jpg 2048w\" sizes=\"(max-width: 1024px) 100vw, 1024px\" \/><\/figure>\n<\/div>\n<\/div>\n\n\n\n<div class=\"wp-block-columns are-vertically-aligned-center is-layout-flex wp-container-core-columns-is-layout-28f84493 wp-block-columns-is-layout-flex\">\n<div class=\"wp-block-column is-vertically-aligned-center is-layout-flow wp-block-column-is-layout-flow\" style=\"flex-basis:1400px\">\n<div class=\"wp-block-columns is-layout-flex wp-container-core-columns-is-layout-28f84493 wp-block-columns-is-layout-flex\">\n<div class=\"wp-block-column has-global-padding is-layout-constrained wp-block-column-is-layout-constrained\" style=\"flex-basis:80%\">\n<iframe src=\"https:\/\/www.google.com\/maps\/embed?pb=!1m18!1m12!1m3!1d2744.842824269107!2d16.156081476572158!3d50.29156019879145!2m3!1f0!2f0!3f0!3m2!1i1024!2i768!4f13.1!3m3!1m2!1s0x470e7737c485b817%3A0x940656fffae048d1!2zT3BvxI1lbnNrw6EgMTAzLCA1MTggMDEgRG9icnXFoWth!5e1!3m2!1scs!2scz!4v1770287708366!5m2!1scs!2scz\" width=\"400\" height=\"300\" style=\"border:0;\" allowfullscreen=\"\" loading=\"lazy\" referrerpolicy=\"no-referrer-when-downgrade\"><\/iframe>\n<\/div>\n<\/div>\n<\/div>\n<\/div>\n\n\n\n<p><\/p>\n","protected":false},"excerpt":{"rendered":"<p>V\u00fdbor Navenek za spolek Centrum pro v\u0161echny generace z.s. jedn\u00e1 p\u0159edseda spolku. Nep\u0159\u00edmo je sou\u010d\u00e1st\u00ed struktury veden\u00ed i m\u00edstop\u0159edseda. P\u0159edseda spolku Mgr. Ond\u0159ej Falta ondrejfalta@cpvg.cz +420 737 443 917 S\u00eddlo spolku Opo\u010densk\u00e1 103 518 01 Dobru\u0161ka<\/p>\n","protected":false},"author":1,"featured_media":0,"parent":0,"menu_order":0,"comment_status":"closed","ping_status":"closed","template":"","meta":{"footnotes":""},"class_list":["post-168","page","type-page","status-publish","hentry"],"_links":{"self":[{"href":"https:\/\/cpvg.cz\/index.php\/wp-json\/wp\/v2\/pages\/168","targetHints":{"allow":["GET"]}}],"collection":[{"href":"https:\/\/cpvg.cz\/index.php\/wp-json\/wp\/v2\/pages"}],"about":[{"href":"https:\/\/cpvg.cz\/index.php\/wp-json\/wp\/v2\/types\/page"}],"author":[{"embeddable":true,"href":"https:\/\/cpvg.cz\/index.php\/wp-json\/wp\/v2\/users\/1"}],"replies":[{"embeddable":true,"href":"https:\/\/cpvg.cz\/index.php\/wp-json\/wp\/v2\/comments?post=168"}],"version-history":[{"count":14,"href":"https:\/\/cpvg.cz\/index.php\/wp-json\/wp\/v2\/pages\/168\/revisions"}],"predecessor-version":[{"id":269,"href":"https:\/\/cpvg.cz\/index.php\/wp-json\/wp\/v2\/pages\/168\/revisions\/269"}],"wp:attachment":[{"href":"https:\/\/cpvg.cz\/index.php\/wp-json\/wp\/v2\/media?parent=168"}],"curies":[{"name":"wp","href":"https:\/\/api.w.org\/{rel}","templated":true}]}}